{"id":8705,"date":"2017-11-10T12:48:47","date_gmt":"2017-11-10T11:48:47","guid":{"rendered":"http:\/\/igs-bonn.de\/wordpress\/?page_id=8705"},"modified":"2024-02-01T10:29:21","modified_gmt":"2024-02-01T09:29:21","slug":"mint-berufswahl","status":"publish","type":"page","link":"https:\/\/igs-bonn.de\/wordpress\/?page_id=8705","title":{"rendered":"MINT-Berufswahl"},"content":{"rendered":"<p>Innerhalb des breitgef\u00e4cherten Angebots der Elisabeth-Selbert-Gesamtschule zur Berufswahlorientierung sind folgende Angebote im MINT-Bereich hervorzuheben.<\/p>\n<ol start=\"8\">\n<li><strong> Jahrgang: Laborf\u00fchrerschein<\/strong><br \/>\nDer Laborf\u00fchrerschein wird in Zusammenarbeit mit dem Deutschen Museum Bonn durchgef\u00fchrt. Er verkn\u00fcpft naturwissenschaftliche Inhalte mit Berufsorientierungsprozessen. Abwechselnd werden <strong>vier Workshops im Deutschen Museum Bonn<\/strong> und drei <strong>Ausbildungsorte au\u00dferhalb des Museums<\/strong> besucht.<\/li>\n<\/ol>\n<p>Im Museum wechseln sich experimentelle Phasen ab mit \u00dcbungen, die Gedanken und Erwartungen der Sch\u00fcler zur Berufsorientierung aufnehmen und zur Reflektion anregen.<\/p>\n<p>Diese \u00dcberlegungen zur Berufsorientierung werden vertieft durch erlebnisreiche Besuche von Ausbildungsorten au\u00dferhalb des Museums, den \u00bbChemischen Realr\u00e4umen\u00ab. Dabei gewinnen die Sch\u00fclerinnen und Sch\u00fcler authentische Einblicke in die Wirklichkeiten von Auszubildenden. Elemente der nachmitt\u00e4glichen Besuche sind Betriebserkundungen, Gespr\u00e4che mit Auszubildenden, praktisch-experimentelle Phasen oder Erl\u00e4uterungen der Anforderungen an die Bewerber. Gesichter von Auszubildenden, Meistern oder Personalausw\u00e4hlenden werden genauso lebendig wie Alltagsroutinen im Betrieb.<\/p>\n<p>Beteiligte Partner sind GKN Sinter Metals, Bonn, die Hochschule Bonn-Rhein-Sieg, Berg TV, LyondellBasell, Werk Wesseling, die Dr. Reinold Hagen Stiftung, das Friedrich-List-Berufskolleg, das Evangelische Seniorenzentrum Theresienau, die GVP Gemeinn\u00fctzige Werkst\u00e4tten Bonn und die Universit\u00e4t Bonn.<\/p>\n<p>Im Rahmen dieser Veranstaltungen lernen die Sch\u00fclerinnen und Sch\u00fcler die Alltagswelten von Chemikanten, Chemielaboranten, Drogisten, Pharmazeutisch-Kaufm\u00e4nnischen-Assistenten, Verfahrensmechanikern f\u00fcr Kunststofftechnik- und Kautschuktechnik, Industriemechanikern, Altenpflegern, sowie landwirtschaftlich-technischen Assistenten, Landwirten und Radio- und Videojournalisten kennen.<\/p>\n<ol start=\"8\">\n<li><strong> Jahrgang MINT-Berufswahlorientierung im Fachunterricht und Wahlpflichtunterricht<\/strong><\/li>\n<\/ol>\n<p>Im Chemieunterricht des 8. Jahrgangs findet eine Unterrichtseinheit zum Thema \u201eMetalle\u201c statt. In diesem Zusammenhang werden Berufe vorgestellt, die im Bereich der Metallgewinnung oder Metallverarbeitung anzusiedeln sind.<\/p>\n<p>Dar\u00fcber hinaus findet Im Wahlpflichtfach Naturwissenschaften des 8. Jahrgangs eine Unterrichtseinheit zu \u201eMINT-Berufen\u201c statt. Die Sch\u00fclerInnen erarbeiten die Pr\u00e4sentation eines MINT-Berufes nach bestimmten Vorgaben und stellen diese Berufe zun\u00e4chst im Unterricht vor.&nbsp; Nach Wunsch ist es auch m\u00f6glich, diese Pr\u00e4sentation in allen Klassen des 8. Jahrgangs vorzustellen, so dass die Informationen zu diesen MINT-Berufen allen Sch\u00fclerInnen des Jahrgangs zukommen. Diese Unterrichtseinheit findet laut Lehrplan im Herbst des Schuljahres statt, so dass die Sch\u00fclerInnen animiert werden, ihr Schnupperpraktikum zu Ende des 8.Jahrgangs bereits zum Kennenlernen eines MINT-Berufsfelds zu nutzen.<\/p>\n<p><strong>8.\/ 9. Jahrgang: Betriebsbesichtigungen<\/strong><\/p>\n<p>Damit die Sch\u00fclerinnen und Sch\u00fcler unserer Schule schon fr\u00fch an MINT-Berufe herangef\u00fchrt werden, finden im 8. Jahrgang im Rahmen des Fachunterrichts Betriebsbesichtigungen im Bereich der Wasserwirtschaft und der Ressourcenverwertung statt. Dar\u00fcber hinaus finden im 1. Halbjahr des 9. Jahrgangs Betriebsbesichtigungen statt, den ein gro\u00dfer Teil der Sch\u00fclerInnen in naturwissenschaftlich-technischen Betrieben absolviert und diese animieren soll, auch ihr Praktikum in einem MINT-Betrieb zu machen.<\/p>\n<p><strong>8.\/ 9. Jahrgang: zdi Workshops im Deutschen Museum<\/strong><\/p>\n<p>Damit die Sch\u00fclerinnen einen guten Einblick in die Berufsm\u00f6glichkeiten unterschiedlicher MINT-Berufe erhalten, nutzen die Fachlehrer der Schule die M\u00f6glichkeit mit ihren Klassen\/Kursen an zdi Workshops mit Berufsorientierung im Deutschen Museum teilzunehmen. Bei einem solchen Workshop verbringen die Sch\u00fclerinnen und Sch\u00fcler 5 Stunden im Museum. Dabei wird ein spannender experimenteller Teil, der in das Fachthema des Unterrichts eingebettet wird, verbunden mit einem Anteil zur Berufsorientierung. Sie lernen Berufe wie Fachkraft Lebensmitteltechnik, Lebensmittelchemiker, Verfahrensmechaniker Kunststoff\/ Kautschuktechnik, Chemiker, Fachkraft Kreislauf- und Abfallwirtschaft, Drogist, Chemielaborant und Chemikant kennen sowie die notwendigen Qualifikationen f\u00fcr die Bewerbung.<\/p>\n<ol start=\"9\">\n<li><strong> Jahrgang : Sch\u00fclerbetriebspraktikum (Vertiefungspraktikum)<\/strong><\/li>\n<\/ol>\n<p>Am Ende des 9. Jahrgangs machen alle Sch\u00fclerinnen und Sch\u00fcler ein dreiw\u00f6chiges Praktikum in einem von ihnen selbst gew\u00e4hlten Betrieb. Dabei werden die Sch\u00fclerInnen von den KlassenlehrerInnen beraten und unterst\u00fctzt. Fr\u00fchzeitig werden sie angehalten insbesondere auch aufgrund der guten Berufsaussichten Berufsfelder aus dem MINT-Bereich auszuw\u00e4hlen.<\/p>\n<p>Im letzten Jahrgang haben ca. 60% der Sch\u00fclerinnen und Sch\u00fcler ihr Praktikum im MINT-Bereich absolviert. Um das zu erm\u00f6glichen haben 77 Betriebe einen oder mehrere Praktikanten besch\u00e4ftigt. Dazu geh\u00f6rten im letzten Jahrgang<\/p>\n<ul>\n<li>Nees Institut f\u00fcr Biodiversit\u00e4t der Pflanzen der Universit\u00e4t Bonn<\/li>\n<li>Fraunhofer-Institut f\u00fcr Kommunikation, Informationsverarbeitung und Ergonomie<\/li>\n<li>Basell Polyolefine GmbH<\/li>\n<li>Radio Bonn\/Rhein-Sieg<\/li>\n<li>Bundesamt f\u00fcr Naturschutz<\/li>\n<li>MLF Elektrotechnik GmbH<\/li>\n<li>Norddeutscher Rundfunk<\/li>\n<li>TVN Production GmbH &amp; Co. KG, Film- und TV-Produktion<\/li>\n<li>GKN Sinter Metals Components GmbH,<\/li>\n<li>SGL Carbon AG<\/li>\n<li>DSS, Dienstleister f\u00fcr CE Kennzeichnung und Beratung im Bereich Maschinen, Anlagen, Umbauten und technische Produkte<\/li>\n<li>SICAT GmbH &amp; Co. KG, anspruchsvolle Soft- und Hardware-L\u00f6sungen und Partner f\u00fcr Zahnarztpraxen, Kliniken<\/li>\n<li>N &amp; A Computersysteme<\/li>\n<li>Syniverse Technologies Messaging GmbH<\/li>\n<li>Sarstedt AG &amp; Co. Kunststoffverarbeitungsunternehmen<\/li>\n<li>Bechtle GmbH &amp; Co. KG, Digitalisierung, Cloud, Mobility, Security und IT \u2013 Service<\/li>\n<li>Neugart Geb\u00e4udetechnik Hennef<\/li>\n<li>Schenkelberg Druckerei<\/li>\n<li>Bundesnetzagentur f\u00fcrElektrizit\u00e4t, Gas, Telekommunikation,Post und Eisenbahnen<\/li>\n<li>LANUV NRW, Labor Bonn \/ FB 55 &amp; 63<\/li>\n<li>Bundesinstitut f\u00fcr Arzneimittel und Medizinprodukte<\/li>\n<li>Deutsche Telekom AG<\/li>\n<li>Zoologisches Forschungszentrum Museum K\u00f6nig<\/li>\n<li>Deutsches Museum Bonn<\/li>\n<\/ul>\n<p>&nbsp;<\/p>\n<p><strong>9.\/10. Jahrgang Eltern als MINT &#8211; Botschafter<\/strong><\/p>\n<p>Um den Sch\u00fclerinnen und Sch\u00fclern einen weiteren praxisnahe Einblick in MINT-Berufe zu erm\u00f6glichen, werden in diesem Schuljahr Eltern unserer Schule als MINT \u2013 Botschafter eingesetzt. Dazu haben sich Eltern, die in MINT Berufen arbeiten, bereit erkl\u00e4rt ihre Berufe vorzustellen und Fragen der Sch\u00fclerinnen und Sch\u00fcler zu beantworten.<\/p>\n<p>Der Einsatz der Eltern soll in den WP-NW\/INF\/TEC-Gruppen erfolgen. Die Kurslehrer erhalten eine Liste mit Adressen, Telefonnummern, Berufe der zur Verf\u00fcgung stehenden&nbsp; Elternbotschafter und vereinbaren Termine und Uhrzeit mit den Eltern vereinbart. Je nach Vereinbarung kann die Berufsvorstellung in der Schule oder am Arbeitsplatz erfolgen.<\/p>\n<p><strong>Bildungsmessen<\/strong><\/p>\n<p>Um die Sch\u00fclerinnen und Sch\u00fcler unserer Sch\u00fcler praxisnah an Ausbildungsm\u00f6glichkeiten in MINT-Berufen heranzuf\u00fchren, wird ihnen die Teilnahme an unterschiedlichen Bildungsmessen angeboten.<\/p>\n<p>&nbsp;F\u00fcr die Sch\u00fclerInnen des 9. und 10. Jahrgangs besteht die M\u00f6glichkeit, die <strong>Ausbildungsb\u00f6rse in Bonn<\/strong> zu besuchen. Hierbei handelt es sich um eine Gemeinschaftsveranstaltung der Berufsberatun Bonn, der Industrie- und Handelskammer sowie der Kreishandwerkerschaft Bonn\/Rhein-Sieg. Sie bietet jungen Menschen, die vor der Berufswahl stehen, einen Anreiz sich \u00fcber Berufsausbildungsm\u00f6glichkeiten insbesondere im technischen Bereich zu informieren.<\/p>\n<p>In jedem Jahr besuchen interessierte Sch\u00fclerInnen der Klassen 10 \u2013 13 haben die <strong>Bildungsmesse \u201eTraumberuf \u2013 IT &amp; Technik<\/strong> sowie die Bildungsmesse <strong>\u201eTraumberuf \u2013 Medien\u201c<\/strong>. J\u00e4hrlich f\u00fchren wir mit allen Sch\u00fclerInnen der Q1 und Q2 den Besuch der Berufs- und Studienmesse <strong>\u201eVocatium<\/strong>\u201c durch, auf der sie \u00fcber MINT-relevante Ausbildungs- und Studienf\u00e4cher informiert werden<\/p>\n<p>&nbsp;<\/p>\n<p><strong>Kooperation mit Hochschulen<\/strong><\/p>\n<p><strong>\u201eSchnupperuni Chemie f\u00fcr M\u00e4dchen\u201c<\/strong> Dieses Angebot der Universit\u00e4t K\u00f6ln wendet sich an M\u00e4dchen des 8. Jahrgangs. An drei Tagen besuchen die M\u00e4dchen das Sch\u00fclerlabor der <strong>Chemischen Institute der Universit\u00e4t K\u00f6ln<\/strong>und experimentieren unter Anleitung an alltagsbezogenen Themen. Sie lernen so die Bedeutung des Faches im Alltag kennen, nehmen Kontakt zum Alltag von Studierenden der Chemie auf und werden \u00fcber die Anforderungen eines Chemiestudiums informiert.<\/p>\n<p>Dar\u00fcber hinaus erm\u00f6glicht die Schule begabten Sch\u00fclerinnen und Sch\u00fclern aus beiden Sekundarstufen die <strong>Belegung von Veranstaltungen der Universit\u00e4t Bonn <\/strong>w\u00e4hrend der Schulzeit. Zur Zeit wird diese M\u00f6glichkeit in den Bereichen Biologie und Informatik wahrgenommen.<\/p>\n<p>In der EF findet am Ende des Schuljahres das Betriebspraktikum in der Oberstufe statt. Dabei werden die Sch\u00fclerInnen unterst\u00fctzt MINT-spezifische Praktikumspl\u00e4tze zu finden.<\/p>\n<p>Im 12. Jahrgang fahren wir traditionell zur <strong>Europ\u00e4ischen Fachhochschule nach Br\u00fchl<\/strong>, wo Studienf\u00e4cher wie Wirtschaftsinformatik, Chemiemanagement und Wirtschaftsingenieurwesen im Dualen Studium angeboten und vorgestellt werden. Dieses Jahr war zum ersten Mal die <strong>Technische Hochschule K\u00f6ln <\/strong>bei uns in der Projektwoche an der Schule und hat ihre Studienf\u00e4cher allgemein, aber auch speziell Informatikstudieng\u00e4nge und das Studienfach Integrated Design vorgestellt.<\/p>\n<p>In Zusammenarbeit mit der <strong>Universit\u00e4t Bonn<\/strong> wird den Sch\u00fclerInnen&nbsp; der Jahrg\u00e4nge 12 und 13 in den Herbstferien ein 1- oder 2-w\u00f6chiges Probestudium in den MINT-F\u00e4chern angeboten werden. Organisiert wird dieses Angebot vom Projekt &#8220;Studium? L\u00e4uft!&#8221;, der Studierendenvertretung Bonn. Mit Hilfe von Bildungsvorbildern, die die Sch\u00fclerInnen betreuen, &nbsp;erstellen die Sch\u00fcler\/innen Stundenpl\u00e4ne f\u00fcr die Herbstferien, in denen sie dann die Veranstaltungen von MINT-Studieng\u00e4ngen besuchen k\u00f6nnen.<\/p>\n<p>&nbsp;<\/p>\n<p>&nbsp;<\/p>\n","protected":false},"excerpt":{"rendered":"<p>Innerhalb des breitgef\u00e4cherten Angebots der Elisabeth-Selbert-Gesamtschule zur Berufswahlorientierung sind folgende Angebote im MINT-Bereich hervorzuheben. Jahrgang: Laborf\u00fchrerschein Der Laborf\u00fchrerschein wird in Zusammenarbeit mit dem Deutschen Museum Bonn durchgef\u00fchrt. Er verkn\u00fcpft naturwissenschaftliche Inhalte mit Berufsorientierungsprozessen. Abwechselnd werden vier Workshops im Deutschen Museum Bonn und drei Ausbildungsorte au\u00dferhalb des Museums besucht. Im Museum wechseln sich experimentelle Phasen ab &hellip; <\/p>\n<p><a class=\"more-link btn\" href=\"https:\/\/igs-bonn.de\/wordpress\/?page_id=8705\">Weiterlesen<\/a><\/p>\n","protected":false},"author":1,"featured_media":0,"parent":8040,"menu_order":4,"comment_status":"closed","ping_status":"closed","template":"","meta":{"ngg_post_thumbnail":0,"footnotes":""},"class_list":["post-8705","page","type-page","status-publish","hentry","nodate","item-wrap"],"_links":{"self":[{"href":"https:\/\/igs-bonn.de\/wordpress\/index.php?rest_route=\/wp\/v2\/pages\/8705","targetHints":{"allow":["GET"]}}],"collection":[{"href":"https:\/\/igs-bonn.de\/wordpress\/index.php?rest_route=\/wp\/v2\/pages"}],"about":[{"href":"https:\/\/igs-bonn.de\/wordpress\/index.php?rest_route=\/wp\/v2\/types\/page"}],"author":[{"embeddable":true,"href":"https:\/\/igs-bonn.de\/wordpress\/index.php?rest_route=\/wp\/v2\/users\/1"}],"replies":[{"embeddable":true,"href":"https:\/\/igs-bonn.de\/wordpress\/index.php?rest_route=%2Fwp%2Fv2%2Fcomments&post=8705"}],"version-history":[{"count":6,"href":"https:\/\/igs-bonn.de\/wordpress\/index.php?rest_route=\/wp\/v2\/pages\/8705\/revisions"}],"predecessor-version":[{"id":13707,"href":"https:\/\/igs-bonn.de\/wordpress\/index.php?rest_route=\/wp\/v2\/pages\/8705\/revisions\/13707"}],"up":[{"embeddable":true,"href":"https:\/\/igs-bonn.de\/wordpress\/index.php?rest_route=\/wp\/v2\/pages\/8040"}],"wp:attachment":[{"href":"https:\/\/igs-bonn.de\/wordpress\/index.php?rest_route=%2Fwp%2Fv2%2Fmedia&parent=8705"}],"curies":[{"name":"wp","href":"https:\/\/api.w.org\/{rel}","templated":true}]}}