{"id":7560,"date":"2016-09-14T14:46:41","date_gmt":"2016-09-14T12:46:41","guid":{"rendered":"http:\/\/igs-bonn.de\/wordpress\/?page_id=7560"},"modified":"2019-01-23T15:42:03","modified_gmt":"2019-01-23T14:42:03","slug":"schulbuecher","status":"publish","type":"page","link":"https:\/\/igs-bonn.de\/wordpress\/?page_id=7560","title":{"rendered":"Schulb\u00fccher"},"content":{"rendered":"<p>Eine \u00dcbersicht der Schulb\u00fccher, die im Unterricht eingesetzt werden und Ihrem Kind von der Schule ausgeliehen werden, k\u00f6nnen Sie <a href=\"http:\/\/igs-bonn.de\/wordpress\/wp-content\/uploads\/B\u00fccherliste_Ausleihe_2018_19.pdf\">hier herunterladen<\/a>.<\/p>\n","protected":false},"excerpt":{"rendered":"<p>Eine \u00dcbersicht der Schulb\u00fccher, die im Unterricht eingesetzt werden und Ihrem Kind von der Schule ausgeliehen werden, k\u00f6nnen Sie hier herunterladen.<\/p>\n","protected":false},"author":1,"featured_media":0,"parent":7527,"menu_order":3,"comment_status":"closed","ping_status":"closed","template":"","meta":{"ngg_post_thumbnail":0,"footnotes":""},"class_list":["post-7560","page","type-page","status-publish","hentry","nodate","item-wrap"],"_links":{"self":[{"href":"https:\/\/igs-bonn.de\/wordpress\/index.php?rest_route=\/wp\/v2\/pages\/7560","targetHints":{"allow":["GET"]}}],"collection":[{"href":"https:\/\/igs-bonn.de\/wordpress\/index.php?rest_route=\/wp\/v2\/pages"}],"about":[{"href":"https:\/\/igs-bonn.de\/wordpress\/index.php?rest_route=\/wp\/v2\/types\/page"}],"author":[{"embeddable":true,"href":"https:\/\/igs-bonn.de\/wordpress\/index.php?rest_route=\/wp\/v2\/users\/1"}],"replies":[{"embeddable":true,"href":"https:\/\/igs-bonn.de\/wordpress\/index.php?rest_route=%2Fwp%2Fv2%2Fcomments&post=7560"}],"version-history":[{"count":3,"href":"https:\/\/igs-bonn.de\/wordpress\/index.php?rest_route=\/wp\/v2\/pages\/7560\/revisions"}],"predecessor-version":[{"id":9871,"href":"https:\/\/igs-bonn.de\/wordpress\/index.php?rest_route=\/wp\/v2\/pages\/7560\/revisions\/9871"}],"up":[{"embeddable":true,"href":"https:\/\/igs-bonn.de\/wordpress\/index.php?rest_route=\/wp\/v2\/pages\/7527"}],"wp:attachment":[{"href":"https:\/\/igs-bonn.de\/wordpress\/index.php?rest_route=%2Fwp%2Fv2%2Fmedia&parent=7560"}],"curies":[{"name":"wp","href":"https:\/\/api.w.org\/{rel}","templated":true}]}}