{"id":56,"date":"2011-04-11T10:39:38","date_gmt":"2011-04-11T08:39:38","guid":{"rendered":"http:\/\/igs-bonn.de\/wordpress\/?page_id=56"},"modified":"2023-02-06T11:24:58","modified_gmt":"2023-02-06T10:24:58","slug":"schuler","status":"publish","type":"page","link":"https:\/\/igs-bonn.de\/wordpress\/?page_id=56","title":{"rendered":"Sch\u00fcler*innen"},"content":{"rendered":"<p>\u2192 <a title=\"WAS MACHT EIGENTLICH EINE SCH\u00dcLERVERTRETUNG (SV)?\" href=\"http:\/\/igs-bonn.de\/wordpress\/?page_id=2583\">Mitwirkung (SV)<\/a><\/p>\n<p>\u2192<a href=\"http:\/\/igs-bonn.de\/wordpress\/?tag=schulerzeitung\"> Beitr\u00e4ge f\u00fcr die Sch\u00fclerzeitung &#8220;Else&#8221;<\/a><\/p>\n","protected":false},"excerpt":{"rendered":"<p>\u2192 Mitwirkung (SV) \u2192 Beitr\u00e4ge f\u00fcr die Sch\u00fclerzeitung &#8220;Else&#8221;<\/p>\n","protected":false},"author":1,"featured_media":0,"parent":25,"menu_order":6,"comment_status":"open","ping_status":"closed","template":"","meta":{"ngg_post_thumbnail":0,"footnotes":""},"class_list":["post-56","page","type-page","status-publish","hentry","nodate","item-wrap"],"_links":{"self":[{"href":"https:\/\/igs-bonn.de\/wordpress\/index.php?rest_route=\/wp\/v2\/pages\/56","targetHints":{"allow":["GET"]}}],"collection":[{"href":"https:\/\/igs-bonn.de\/wordpress\/index.php?rest_route=\/wp\/v2\/pages"}],"about":[{"href":"https:\/\/igs-bonn.de\/wordpress\/index.php?rest_route=\/wp\/v2\/types\/page"}],"author":[{"embeddable":true,"href":"https:\/\/igs-bonn.de\/wordpress\/index.php?rest_route=\/wp\/v2\/users\/1"}],"replies":[{"embeddable":true,"href":"https:\/\/igs-bonn.de\/wordpress\/index.php?rest_route=%2Fwp%2Fv2%2Fcomments&post=56"}],"version-history":[{"count":17,"href":"https:\/\/igs-bonn.de\/wordpress\/index.php?rest_route=\/wp\/v2\/pages\/56\/revisions"}],"predecessor-version":[{"id":12929,"href":"https:\/\/igs-bonn.de\/wordpress\/index.php?rest_route=\/wp\/v2\/pages\/56\/revisions\/12929"}],"up":[{"embeddable":true,"href":"https:\/\/igs-bonn.de\/wordpress\/index.php?rest_route=\/wp\/v2\/pages\/25"}],"wp:attachment":[{"href":"https:\/\/igs-bonn.de\/wordpress\/index.php?rest_route=%2Fwp%2Fv2%2Fmedia&parent=56"}],"curies":[{"name":"wp","href":"https:\/\/api.w.org\/{rel}","templated":true}]}}