{"id":5493,"date":"2015-03-09T11:43:39","date_gmt":"2015-03-09T10:43:39","guid":{"rendered":"http:\/\/igs-bonn.de\/wordpress\/?page_id=5493"},"modified":"2026-03-03T20:50:43","modified_gmt":"2026-03-03T19:50:43","slug":"downloads","status":"publish","type":"page","link":"https:\/\/igs-bonn.de\/wordpress\/?page_id=5493","title":{"rendered":"Downloads"},"content":{"rendered":"<ul>\n<li>\n<h4><a href=\"http:\/\/igs-bonn.de\/wordpress\/wp-content\/uploads\/Anmeldeformular-Vereinbarung-Datenschutz.pdf\"><strong>Anmeldung neue 5<\/strong><\/a><\/h4>\n<\/li>\n<li>\n<h4><a href=\"http:\/\/igs-bonn.de\/wordpress\/wp-content\/uploads\/Antrag-auf-Beurlaubung-SuS.pdf\">Antrag auf Beurlaubung einer Sch\u00fclerin\/eines Sch\u00fclers<\/a><\/h4>\n<\/li>\n<li>\n<h4><a href=\"http:\/\/igs-bonn.de\/wordpress\/wp-content\/uploads\/Anschreiben-Attestpflicht-vor-Ferien.pdf\">Attestpflicht vor und nach den Schulferien<\/a><\/h4>\n<\/li>\n<li>\n<h4><a href=\"http:\/\/igs-bonn.de\/wordpress\/wp-content\/uploads\/ENDFASSUNG-neues-Schulprogramm-2018-SK.pdf\">Schulprogramm<\/a><\/h4>\n<\/li>\n<li>\n<h4><a href=\"https:\/\/igs-bonn.de\/wordpress\/?page_id=8957\">Praktikumsmappe 8. Jahrgang<\/a><\/h4>\n<\/li>\n<li>\n<h4><a href=\"https:\/\/igs-bonn.de\/wordpress\/?page_id=8959\">Praktikumsmappe 9. Jahrgang<\/a><\/h4>\n<\/li>\n<li>\n<h4>k\u00fcnftige 11<\/h4>\n<ul>\n<li><a href=\"http:\/\/igs-bonn.de\/wordpress\/wp-content\/uploads\/LuPO_NRW_SV.zip\">Lupo 2 (Sch\u00fclerversion)<\/a><\/li>\n<li><a href=\"http:\/\/igs-bonn.de\/wordpress\/wp-content\/uploads\/Anleitung_LuPO_Schuelerversion.pdf\">LuPO-Anleitung des Schulministeriums<\/a><\/li>\n<\/ul>\n<\/li>\n<li>\n<h4>12er-Facharbeit:<\/h4>\n<ul>\n<li><a href=\"http:\/\/igs-bonn.de\/wordpress\/wp-content\/uploads\/Leitfaden-Facharbeit-Sj-2022-23.pdf\">Leitfaden zur Facharbeit (pdf)<\/a><\/li>\n<\/ul>\n<\/li>\n<\/ul>\n\n\n<p><\/p>\n","protected":false},"excerpt":{"rendered":"<p>Anmeldung neue 5 Antrag auf Beurlaubung einer Sch\u00fclerin\/eines Sch\u00fclers Attestpflicht vor und nach den Schulferien Schulprogramm Praktikumsmappe 8. Jahrgang Praktikumsmappe 9. Jahrgang k\u00fcnftige 11 Lupo 2 (Sch\u00fclerversion) LuPO-Anleitung des Schulministeriums 12er-Facharbeit: Leitfaden zur Facharbeit (pdf)<\/p>\n","protected":false},"author":1,"featured_media":0,"parent":2,"menu_order":7,"comment_status":"closed","ping_status":"closed","template":"","meta":{"ngg_post_thumbnail":0,"footnotes":""},"class_list":["post-5493","page","type-page","status-publish","hentry","nodate","item-wrap"],"_links":{"self":[{"href":"https:\/\/igs-bonn.de\/wordpress\/index.php?rest_route=\/wp\/v2\/pages\/5493","targetHints":{"allow":["GET"]}}],"collection":[{"href":"https:\/\/igs-bonn.de\/wordpress\/index.php?rest_route=\/wp\/v2\/pages"}],"about":[{"href":"https:\/\/igs-bonn.de\/wordpress\/index.php?rest_route=\/wp\/v2\/types\/page"}],"author":[{"embeddable":true,"href":"https:\/\/igs-bonn.de\/wordpress\/index.php?rest_route=\/wp\/v2\/users\/1"}],"replies":[{"embeddable":true,"href":"https:\/\/igs-bonn.de\/wordpress\/index.php?rest_route=%2Fwp%2Fv2%2Fcomments&post=5493"}],"version-history":[{"count":54,"href":"https:\/\/igs-bonn.de\/wordpress\/index.php?rest_route=\/wp\/v2\/pages\/5493\/revisions"}],"predecessor-version":[{"id":15028,"href":"https:\/\/igs-bonn.de\/wordpress\/index.php?rest_route=\/wp\/v2\/pages\/5493\/revisions\/15028"}],"up":[{"embeddable":true,"href":"https:\/\/igs-bonn.de\/wordpress\/index.php?rest_route=\/wp\/v2\/pages\/2"}],"wp:attachment":[{"href":"https:\/\/igs-bonn.de\/wordpress\/index.php?rest_route=%2Fwp%2Fv2%2Fmedia&parent=5493"}],"curies":[{"name":"wp","href":"https:\/\/api.w.org\/{rel}","templated":true}]}}