{"id":5136,"date":"2014-11-08T12:04:01","date_gmt":"2014-11-08T11:04:01","guid":{"rendered":"http:\/\/igs-bonn.de\/wordpress\/?page_id=5136"},"modified":"2015-06-17T17:51:46","modified_gmt":"2015-06-17T15:51:46","slug":"fachunabhaengiger-ausgleichsunterricht-fua","status":"publish","type":"page","link":"https:\/\/igs-bonn.de\/wordpress\/?page_id=5136","title":{"rendered":"Fachunabh\u00e4ngiger Ausgleichsunterricht (FuA)"},"content":{"rendered":"<p style=\"text-align: justify;\">FuA zielt auf den Abbau nicht fachbezogener Lernschwierigkeiten der Sch\u00fcler\/-innen und die Modifizierung des Arbeits-, Lern- und Sozialverhaltens. Dieses Angebot richtet sich an Sch\u00fcler\/-innen des 5. und 6. Jahrgangs, die ihre F\u00e4higkeiten und Fertigkeiten im Unterricht aus unterschiedlichen Gr\u00fcnden nicht aussch\u00f6pfen k\u00f6nnen. FuA ist also keine Nachhilfe in einem bestimmten Fach, sondern m\u00f6chte die Sch\u00fcler\/-Innen im Erlernen eines geeigneten Arbeits-, Lern- und Sozialverhalten unterst\u00fctzen, um so letztlich ihre eigene Leistungsf\u00e4higkeit auszusch\u00f6pfen und sie in die Lage zu versetzen, den schulischen Anforderungen gewachsen zu sein.<\/p>\n<p>Folgende Bereiche werden bei Sch\u00fcler\/-innen in einer sechsw\u00f6chigen Hospitationsphase beobachtet und k\u00f6nnen f\u00fcr die Zuweisung zum FuA-Unterricht eine Rolle spielen:<\/p>\n<ul>\n<li>eine allgemeine Konzentrationsst\u00f6rung,<\/li>\n<li>fehlende Ausdauer in mehreren Bereichen,<\/li>\n<li>fehlende Systematik beim Erledigen von Aufgaben,<\/li>\n<li>auff\u00e4llige Verhaltensformen wie z.B. das Unverm\u00f6gen, Kritik zu \u00e4u\u00dfern, f\u00fcr neue Prozesse aufgeschlossen zu sein oder starke Zur\u00fcckgezogenheit (stille Kinder),<\/li>\n<li>eingeschr\u00e4nkte sprachliche Ausdrucksf\u00e4higkeit.<\/li>\n<\/ul>\n<p>F\u00fcr jede Gruppe werden individuell die F\u00f6rderinhalte abh\u00e4ngig von der Gruppenzusammensetzung festgelegt.<\/p>\n<p>Exemplarisch sind hier drei Typen von \u201etypischen\u201c FuA-Sch\u00fcler\/-innen zu nennen:<\/p>\n<ul>\n<li>Sch\u00fcler\/-innen mit auffallend impulsivem Probleml\u00f6sungsverhalten, d.h. sie arbeiten oberfl\u00e4chlich, sind vorschnell mit Aufgaben fertig, reflektieren nicht ausreichend ihre Aufgabenl\u00f6sung,<\/li>\n<li>Sch\u00fcler\/-innen, die sehr langsam arbeiten, schnell entmutigt und ablenkbar sind,<\/li>\n<li>Sch\u00fcler\/-innen mit geringer Selbstsicherheit, die ihre Rechte und Forderungen nicht sicher und erfolgreich gegen\u00fcber anderen Menschen durchsetzen k\u00f6nnen.<\/li>\n<\/ul>\n<p>Bereiche, die im fachunabh\u00e4ngigen F\u00f6rderunterricht angesprochen werden k\u00f6nnen,<\/p>\n<p>sind:<\/p>\n<ul>\n<li>Konzentration und Ausdauer,<\/li>\n<li>Motivation,<\/li>\n<li>Kooperationsf\u00e4higkeit in der Gruppe,<\/li>\n<li>Verhalten,<\/li>\n<li>Motorik,<\/li>\n<li>sprachliche Ausdrucksf\u00e4higkeit und Mitteilungsbereitschaft,<\/li>\n<li>grundlegende Arbeitstechniken und selbstst\u00e4ndige Arbeitsorganisation.<\/li>\n<\/ul>\n","protected":false},"excerpt":{"rendered":"<p>FuA zielt auf den Abbau nicht fachbezogener Lernschwierigkeiten der Sch\u00fcler\/-innen und die Modifizierung des Arbeits-, Lern- und Sozialverhaltens. Dieses Angebot richtet sich an Sch\u00fcler\/-innen des 5. und 6. Jahrgangs, die ihre F\u00e4higkeiten und Fertigkeiten im Unterricht aus unterschiedlichen Gr\u00fcnden nicht aussch\u00f6pfen k\u00f6nnen. FuA ist also keine Nachhilfe in einem bestimmten Fach, sondern m\u00f6chte die Sch\u00fcler\/-Innen &hellip; <\/p>\n<p><a class=\"more-link btn\" href=\"https:\/\/igs-bonn.de\/wordpress\/?page_id=5136\">Weiterlesen<\/a><\/p>\n","protected":false},"author":1,"featured_media":0,"parent":185,"menu_order":3,"comment_status":"closed","ping_status":"closed","template":"","meta":{"ngg_post_thumbnail":0,"footnotes":""},"class_list":["post-5136","page","type-page","status-publish","hentry","nodate","item-wrap"],"_links":{"self":[{"href":"https:\/\/igs-bonn.de\/wordpress\/index.php?rest_route=\/wp\/v2\/pages\/5136","targetHints":{"allow":["GET"]}}],"collection":[{"href":"https:\/\/igs-bonn.de\/wordpress\/index.php?rest_route=\/wp\/v2\/pages"}],"about":[{"href":"https:\/\/igs-bonn.de\/wordpress\/index.php?rest_route=\/wp\/v2\/types\/page"}],"author":[{"embeddable":true,"href":"https:\/\/igs-bonn.de\/wordpress\/index.php?rest_route=\/wp\/v2\/users\/1"}],"replies":[{"embeddable":true,"href":"https:\/\/igs-bonn.de\/wordpress\/index.php?rest_route=%2Fwp%2Fv2%2Fcomments&post=5136"}],"version-history":[{"count":5,"href":"https:\/\/igs-bonn.de\/wordpress\/index.php?rest_route=\/wp\/v2\/pages\/5136\/revisions"}],"predecessor-version":[{"id":6026,"href":"https:\/\/igs-bonn.de\/wordpress\/index.php?rest_route=\/wp\/v2\/pages\/5136\/revisions\/6026"}],"up":[{"embeddable":true,"href":"https:\/\/igs-bonn.de\/wordpress\/index.php?rest_route=\/wp\/v2\/pages\/185"}],"wp:attachment":[{"href":"https:\/\/igs-bonn.de\/wordpress\/index.php?rest_route=%2Fwp%2Fv2%2Fmedia&parent=5136"}],"curies":[{"name":"wp","href":"https:\/\/api.w.org\/{rel}","templated":true}]}}