{"id":470,"date":"2011-09-20T12:24:18","date_gmt":"2011-09-20T10:24:18","guid":{"rendered":"http:\/\/igs-bonn.de\/wordpress\/?page_id=470"},"modified":"2015-06-17T14:13:54","modified_gmt":"2015-06-17T12:13:54","slug":"elisabeth-selbert","status":"publish","type":"page","link":"https:\/\/igs-bonn.de\/wordpress\/?page_id=470","title":{"rendered":"Elisabeth Selbert"},"content":{"rendered":"<h5>Ich geh auf die Elisabeth-Selbert-Gesamtschule!<\/h5>\n<p><a href=\"http:\/\/igs-bonn.de\/wordpress\/wp-content\/uploads\/es1.jpg\"><img loading=\"lazy\" decoding=\"async\" class=\"alignright size-full wp-image-1437\" alt=\"es\" src=\"http:\/\/igs-bonn.de\/wordpress\/wp-content\/uploads\/es1.jpg\" width=\"183\" height=\"226\" \/><\/a>Zwanzig Jahre lang hie\u00df unserer Schule \u201eGesamtschule Bonn-Bad Godesberg\u201c. Ab jetzt wird sie \u201eElisabeth-Selbert-Gesamtschule\u201c hei\u00dfen.<\/p>\n<p>&nbsp;<\/p>\n<h5>Warum \u00fcberhaupt einen Namen?<\/h5>\n<p>Ein Name steht f\u00fcr Werte, f\u00fcr die wir uns bewusst entscheiden, wenn wir diesen Namen w\u00e4hlen. Die Identifikation des Kollegiums und der Sch\u00fclerinnen und Sch\u00fcler mit ihrer Schule ist wichtig, da mit sie sie als die ihre empfinden und nicht als eine anonyme, f\u00fcr sie fremde Institution. Nur wenn sie die Schule zu ihrer Schule machen, setzen sie sich auch f\u00fcr ihre Schule ein. Mit einem Namen entsteht Orientierung, mit einem Namen kann sich ein Wir-Gef\u00fchl besser entwickeln.<\/p>\n<p>&nbsp;<\/p>\n<h5>Warum nach zwanzig Jahren einen Namen?<\/h5>\n<p>Es ist ein guter Zeitpunkt um Bilanz zu ziehen. Die Jahre des Aufbaus sind vorbei. Mit einem Namen l\u00e4sst sich ausdr\u00fccken, wo die Schule heute steht und welche Richtung sie in Zukunft einschlagen wird.<\/p>\n<p>&nbsp;<\/p>\n<h5>Warum Elisabeth Selbert?<\/h5>\n<p>\u201eM\u00e4nner und Frauen sind gleichberechtigt\u201c &#8211; dieser Satz st\u00fcnde heute nicht in unserer Verfassung, wenn nicht sie, eine der vier \u201eM\u00fctter des Grundgesetzes\u201c, 1948\/49 im Parlamentarischen Rat hartn\u00e4ckig daf\u00fcr gek\u00e4mpft h\u00e4tte. Ihr Antrag wurde zweimal abgelehnt, erst unter dem Druck der \u00d6ffentlichkeit, die Selbert mobilisierte, wurde Artikel 3 des GG verabschiedet.<\/p>\n<p>&nbsp;<\/p>\n<h5>Elisabeth Selbert repr\u00e4sentiert unsere Schule in mehrfacher Hinsicht.<\/h5>\n<p style=\"padding-left: 30px;\"><em>\u201eEs ist ein grundlegender Irrtum, bei der Gleichberechtigung von der Gleichheit auszugehen. Die Gleichberechtigung baut auf der Gleichwertigkeit auf, die die Andersartigkeit anerkennt.\u201c<\/em><\/p>\n<p style=\"padding-left: 30px;\"><sub>Selbert, Elisabeth: Zweite Lesung im Hauptausschuss am 18.1.1949. &#8211; Zitiert nach B\u00f6ttger, Barbara: Das Recht auf Gleichheit und Differenz. Elisabeth Selbert und der Kampf der Frauen um Art.3 II Grundgesetz. M\u00fcnster 1990. S.218.<\/sub><\/p>\n<p>&nbsp;<\/p>\n<p>Ihr Verst\u00e4ndnis von Gleichberechtigung ist Dreh- und Angelpunkt unserer p\u00e4dagogischen Arbeit. Sie war eine Person, f\u00fcr die Bildung eine gro\u00dfe Rolle spielte. Sie scheute keine Anstrengung und M\u00fche, um unter erheblichem Kraftaufwand \u00fcber den zweiten Bildungsweg bis zur Promotion zu kommen.<\/p>\n<p>Dabei musste sie finanzielle H\u00fcrden \u00fcberwinden, Diskriminierungen als M\u00e4dchen erfahren, sich mit massiven Vorurteilen gegen\u00fcber Studentinnen auseinandersetzen und das in einer Zeit, die von politischen Unruhen und Wirtschaftskrisen gepr\u00e4gt war.<\/p>\n<p>Sie steht auch f\u00fcr das Grundgesetz als Ganzes, welches in Bonn im Museum K\u00f6nig und in der P\u00e4dagogischen Akademie (sp\u00e4ter Bundeshaus) beraten und verabschiedet wurde. Der demokratische und rechtsstaatliche Aufbau der Bundesrepublik Deutschland nach dem Nationalsozialismus war ihr ein zentrales Anliegen. Die Werte des Grundgesetzes zu unseren zu machen und mit Leben zu f\u00fcllen, sehen wir als wichtige erzieherische Aufgabe.<\/p>\n<p>Mit Elisabeth Selbert haben wir uns f\u00fcr eine Frau als Namenspatronin entschieden, die noch nicht so bekannt ist, aber es verdiente bekannter zu werden. Wir setzen damit auch ein Zeichen in der Bonner Schullandschaft, denn bei den Schulnamen sind Frauennamen immer noch gnadenlos unterrepr\u00e4sentiert.<\/p>\n<p>Was Elisabeth Selbert vor allem auszeichnete, war ihr ebenso unerschrockener wie praktischer Eigen-Sinn. Das passt gut zu einer Schule, die sich Zivilcourage, wenn nicht auf ihre Fahnen, so doch auf ihre Eingangsschilder schreibt.<\/p>\n<p style=\"text-align: right;\"><em>(KS)<\/em><\/p>\n<p style=\"text-align: left;\">Den Vortrag der Autorin und Selbert-Biografin Antje Dertinger anl\u00e4sslich der Feierstunde zur Namens\u00e4nderung der Schule vom 22. M\u00e4rz 2012 finden Sie <a title=\"Vortrag von Antje Dertinger:\" href=\"http:\/\/igs-bonn.de\/wordpress\/?p=1660\">hier<\/a>.<\/p>\n","protected":false},"excerpt":{"rendered":"<p>Ich geh auf die Elisabeth-Selbert-Gesamtschule! Zwanzig Jahre lang hie\u00df unserer Schule \u201eGesamtschule Bonn-Bad Godesberg\u201c. Ab jetzt wird sie \u201eElisabeth-Selbert-Gesamtschule\u201c hei\u00dfen. &nbsp; Warum \u00fcberhaupt einen Namen? Ein Name steht f\u00fcr Werte, f\u00fcr die wir uns bewusst entscheiden, wenn wir diesen Namen w\u00e4hlen. Die Identifikation des Kollegiums und der Sch\u00fclerinnen und Sch\u00fcler mit ihrer Schule ist wichtig, &hellip; <\/p>\n<p><a class=\"more-link btn\" href=\"https:\/\/igs-bonn.de\/wordpress\/?page_id=470\">Weiterlesen<\/a><\/p>\n","protected":false},"author":1,"featured_media":517,"parent":25,"menu_order":8,"comment_status":"closed","ping_status":"closed","template":"","meta":{"ngg_post_thumbnail":0,"footnotes":""},"class_list":["post-470","page","type-page","status-publish","has-post-thumbnail","hentry","nodate","item-wrap"],"_links":{"self":[{"href":"https:\/\/igs-bonn.de\/wordpress\/index.php?rest_route=\/wp\/v2\/pages\/470","targetHints":{"allow":["GET"]}}],"collection":[{"href":"https:\/\/igs-bonn.de\/wordpress\/index.php?rest_route=\/wp\/v2\/pages"}],"about":[{"href":"https:\/\/igs-bonn.de\/wordpress\/index.php?rest_route=\/wp\/v2\/types\/page"}],"author":[{"embeddable":true,"href":"https:\/\/igs-bonn.de\/wordpress\/index.php?rest_route=\/wp\/v2\/users\/1"}],"replies":[{"embeddable":true,"href":"https:\/\/igs-bonn.de\/wordpress\/index.php?rest_route=%2Fwp%2Fv2%2Fcomments&post=470"}],"version-history":[{"count":20,"href":"https:\/\/igs-bonn.de\/wordpress\/index.php?rest_route=\/wp\/v2\/pages\/470\/revisions"}],"predecessor-version":[{"id":4028,"href":"https:\/\/igs-bonn.de\/wordpress\/index.php?rest_route=\/wp\/v2\/pages\/470\/revisions\/4028"}],"up":[{"embeddable":true,"href":"https:\/\/igs-bonn.de\/wordpress\/index.php?rest_route=\/wp\/v2\/pages\/25"}],"wp:featuredmedia":[{"embeddable":true,"href":"https:\/\/igs-bonn.de\/wordpress\/index.php?rest_route=\/wp\/v2\/media\/517"}],"wp:attachment":[{"href":"https:\/\/igs-bonn.de\/wordpress\/index.php?rest_route=%2Fwp%2Fv2%2Fmedia&parent=470"}],"curies":[{"name":"wp","href":"https:\/\/api.w.org\/{rel}","templated":true}]}}