{"id":189,"date":"2011-04-29T22:34:10","date_gmt":"2011-04-29T20:34:10","guid":{"rendered":"http:\/\/igs-bonn.de\/wordpress\/?page_id=189"},"modified":"2024-09-10T11:34:53","modified_gmt":"2024-09-10T09:34:53","slug":"sekretarinnen","status":"publish","type":"page","link":"https:\/\/igs-bonn.de\/wordpress\/?page_id=189","title":{"rendered":"Sekret\u00e4rinnen"},"content":{"rendered":"<p style=\"text-align: center;\">Liebe Sch\u00fclerinnen und Sch\u00fcler,<\/p>\n<p style=\"text-align: center;\">liebe Eltern,<\/p>\n<p style=\"text-align: center;\">unser Sekretariat ist f\u00fcr <strong>Sch\u00fclerangelegenheiten t\u00e4glich<\/strong> in der<\/p>\n<p style=\"text-align: center;\"><strong>Fr\u00fchst\u00fcckspause von 10:10 Uhr bis 10:40 Uhr<\/strong><\/p>\n<p style=\"text-align: center;\">\u00a0sowie an den <strong>langen Tagen<\/strong> in der<\/p>\n<p style=\"text-align: center;\">\u00a0<strong>Mittagspause von 12:50 Uhr bis 13:50 Uhr<\/strong><\/p>\n<p style=\"text-align: center;\"><strong>\u00a0<\/strong>ge\u00f6ffnet.<\/p>\n<p style=\"text-align: center;\">\u00a0Dar\u00fcber hinaus ist unser Sekretariat<\/p>\n<p style=\"text-align: center;\"><strong>montags, mittwochs und donnerstags von 7:00 Uhr bis 16:00 Uhr<\/strong><\/p>\n<p style=\"text-align: center;\">\u00a0<strong>sowie<\/strong><\/p>\n<p style=\"text-align: center;\"><strong>dienstags und freitags von 7:00 Uhr bis 13:15 Uhr<\/strong><\/p>\n<p style=\"text-align: center;\"><strong>\u00a0<\/strong>erreichbar.<\/p>\n<p>Montags ist das Sekretariat in der Zeit von 9:30 bis 10:10 Uhr, auf Grund einer Besprechung, geschlossen.<\/p>\n<p style=\"text-align: center;\"><strong>Krankmeldungen<\/strong> bitten wir <strong>vor Schulbeginn (08:00 Uhr)<\/strong> dem Sekretariat bekannt zu geben.<\/p>\n<p style=\"text-align: center;\">Gerne k\u00f6nnen Sie uns auch jederzeit per E-Mail Ihre Fragen oder Ihr Anliegen zukommen lassen.<\/p>\n<p style=\"text-align: center;\">Unsere E-Mail Adresse lautet:<\/p>\n<p style=\"text-align: center;\">sekre<!-- gjh@def.de -->tariat@esg.nrw<!--  xyz@abc.de -->.schule<\/p>\n<p style=\"text-align: center;\">Unser Team besteht aus:<\/p>\n<p style=\"text-align: center;\">Frau Gerhards <strong>0228 \/ 77 75 50<\/strong><\/p>\n<p style=\"text-align: center;\">Frau Heimann <strong>0228 \/ 77 75 45<\/strong><\/p>\n<p style=\"text-align: center;\">und<\/p>\n<p style=\"text-align: center;\">Frau Tiedemann <strong>0228 \/ 77 75 49<\/strong>.<\/p>\n<p style=\"text-align: center;\">Wir freuen uns auf Sie!<\/p>\n","protected":false},"excerpt":{"rendered":"<p>Liebe Sch\u00fclerinnen und Sch\u00fcler, liebe Eltern, unser Sekretariat ist f\u00fcr Sch\u00fclerangelegenheiten t\u00e4glich in der Fr\u00fchst\u00fcckspause von 10:10 Uhr bis 10:40 Uhr \u00a0sowie an den langen Tagen in der \u00a0Mittagspause von 12:50 Uhr bis 13:50 Uhr \u00a0ge\u00f6ffnet. \u00a0Dar\u00fcber hinaus ist unser Sekretariat montags, mittwochs und donnerstags von 7:00 Uhr bis 16:00 Uhr \u00a0sowie dienstags und freitags &hellip; <\/p>\n<p><a class=\"more-link btn\" href=\"https:\/\/igs-bonn.de\/wordpress\/?page_id=189\">Weiterlesen<\/a><\/p>\n","protected":false},"author":1,"featured_media":0,"parent":180,"menu_order":2,"comment_status":"closed","ping_status":"closed","template":"","meta":{"ngg_post_thumbnail":0,"footnotes":""},"class_list":["post-189","page","type-page","status-publish","hentry","nodate","item-wrap"],"_links":{"self":[{"href":"https:\/\/igs-bonn.de\/wordpress\/index.php?rest_route=\/wp\/v2\/pages\/189","targetHints":{"allow":["GET"]}}],"collection":[{"href":"https:\/\/igs-bonn.de\/wordpress\/index.php?rest_route=\/wp\/v2\/pages"}],"about":[{"href":"https:\/\/igs-bonn.de\/wordpress\/index.php?rest_route=\/wp\/v2\/types\/page"}],"author":[{"embeddable":true,"href":"https:\/\/igs-bonn.de\/wordpress\/index.php?rest_route=\/wp\/v2\/users\/1"}],"replies":[{"embeddable":true,"href":"https:\/\/igs-bonn.de\/wordpress\/index.php?rest_route=%2Fwp%2Fv2%2Fcomments&post=189"}],"version-history":[{"count":22,"href":"https:\/\/igs-bonn.de\/wordpress\/index.php?rest_route=\/wp\/v2\/pages\/189\/revisions"}],"predecessor-version":[{"id":14036,"href":"https:\/\/igs-bonn.de\/wordpress\/index.php?rest_route=\/wp\/v2\/pages\/189\/revisions\/14036"}],"up":[{"embeddable":true,"href":"https:\/\/igs-bonn.de\/wordpress\/index.php?rest_route=\/wp\/v2\/pages\/180"}],"wp:attachment":[{"href":"https:\/\/igs-bonn.de\/wordpress\/index.php?rest_route=%2Fwp%2Fv2%2Fmedia&parent=189"}],"curies":[{"name":"wp","href":"https:\/\/api.w.org\/{rel}","templated":true}]}}