{"id":185,"date":"2011-04-29T22:33:18","date_gmt":"2011-04-29T20:33:18","guid":{"rendered":"http:\/\/igs-bonn.de\/wordpress\/?page_id=185"},"modified":"2016-02-25T08:54:07","modified_gmt":"2016-02-25T07:54:07","slug":"sozialpadagoginnen","status":"publish","type":"page","link":"https:\/\/igs-bonn.de\/wordpress\/?page_id=185","title":{"rendered":"Sozialp\u00e4dagogInnen"},"content":{"rendered":"<p style=\"text-align: justify;\">Schulsozialarbeit ist ein Grundpfeiler der p\u00e4dagogischen Arbeit an unserer Gesamtschule. Sie hat zum Ziel, Sch\u00fclerinnen und Sch\u00fclern die Entfaltung ihrer Pers\u00f6nlichkeit in sozialer Verantwortung zu erm\u00f6glichen.<\/p>\n<h3 style=\"text-align: justify;\">Schulsozialarbeit<\/h3>\n<ul style=\"text-align: justify;\">\n<li>soll zu einem kooperativen Umgang aller an Schule Beteiligten beitragen<\/li>\n<li>f\u00f6rdert ein Klima des respektvollen Miteinanders und der gegenseitigen Hilfe<\/li>\n<li>richtet sich an Sch\u00fcler\/-innen, Eltern und das Lehrerkollegium<\/li>\n<li>arbeitet sowohl pr\u00e4ventiv also auch konkret bei der L\u00f6sungssuche im Falle eines Problems<\/li>\n<li>vermittelt im Bedarfsfall kompetent an au\u00dferschulische Partner<\/li>\n<\/ul>\n<p style=\"text-align: justify;\">Die Schulsozialarbeit an unserer Schule umfasst folgende Angebote:<\/p>\n<ul>\n<li style=\"text-align: justify;\">Beratung<\/li>\n<li style=\"text-align: justify;\">Ganztag<\/li>\n<li style=\"text-align: justify;\">FuA<\/li>\n<li style=\"text-align: justify;\">Soziales Lernen<\/li>\n<li style=\"text-align: justify;\">Kanuprojekt<\/li>\n<li style=\"text-align: justify;\">Streitschlichtung<\/li>\n<\/ul>\n","protected":false},"excerpt":{"rendered":"<p>Schulsozialarbeit ist ein Grundpfeiler der p\u00e4dagogischen Arbeit an unserer Gesamtschule. Sie hat zum Ziel, Sch\u00fclerinnen und Sch\u00fclern die Entfaltung ihrer Pers\u00f6nlichkeit in sozialer Verantwortung zu erm\u00f6glichen. Schulsozialarbeit soll zu einem kooperativen Umgang aller an Schule Beteiligten beitragen f\u00f6rdert ein Klima des respektvollen Miteinanders und der gegenseitigen Hilfe richtet sich an Sch\u00fcler\/-innen, Eltern und das Lehrerkollegium &hellip; <\/p>\n<p><a class=\"more-link btn\" href=\"https:\/\/igs-bonn.de\/wordpress\/?page_id=185\">Weiterlesen<\/a><\/p>\n","protected":false},"author":1,"featured_media":0,"parent":180,"menu_order":1,"comment_status":"closed","ping_status":"closed","template":"","meta":{"ngg_post_thumbnail":0,"footnotes":""},"class_list":["post-185","page","type-page","status-publish","hentry","nodate","item-wrap"],"_links":{"self":[{"href":"https:\/\/igs-bonn.de\/wordpress\/index.php?rest_route=\/wp\/v2\/pages\/185","targetHints":{"allow":["GET"]}}],"collection":[{"href":"https:\/\/igs-bonn.de\/wordpress\/index.php?rest_route=\/wp\/v2\/pages"}],"about":[{"href":"https:\/\/igs-bonn.de\/wordpress\/index.php?rest_route=\/wp\/v2\/types\/page"}],"author":[{"embeddable":true,"href":"https:\/\/igs-bonn.de\/wordpress\/index.php?rest_route=\/wp\/v2\/users\/1"}],"replies":[{"embeddable":true,"href":"https:\/\/igs-bonn.de\/wordpress\/index.php?rest_route=%2Fwp%2Fv2%2Fcomments&post=185"}],"version-history":[{"count":5,"href":"https:\/\/igs-bonn.de\/wordpress\/index.php?rest_route=\/wp\/v2\/pages\/185\/revisions"}],"predecessor-version":[{"id":6906,"href":"https:\/\/igs-bonn.de\/wordpress\/index.php?rest_route=\/wp\/v2\/pages\/185\/revisions\/6906"}],"up":[{"embeddable":true,"href":"https:\/\/igs-bonn.de\/wordpress\/index.php?rest_route=\/wp\/v2\/pages\/180"}],"wp:attachment":[{"href":"https:\/\/igs-bonn.de\/wordpress\/index.php?rest_route=%2Fwp%2Fv2%2Fmedia&parent=185"}],"curies":[{"name":"wp","href":"https:\/\/api.w.org\/{rel}","templated":true}]}}