{"id":13264,"date":"2023-08-06T21:40:28","date_gmt":"2023-08-06T19:40:28","guid":{"rendered":"http:\/\/igs-bonn.de\/wordpress\/?page_id=13264"},"modified":"2024-01-27T12:40:18","modified_gmt":"2024-01-27T11:40:18","slug":"ags-jahrgang-7","status":"publish","type":"page","link":"https:\/\/igs-bonn.de\/wordpress\/?page_id=13264","title":{"rendered":"AGs Jahrgang 7"},"content":{"rendered":"\n<p><strong>2. Halbjahr 2023\/24<\/strong><\/p>\n\n\n\n<p><strong>Bitte w\u00e4hle aus den folgenden Angeboten die AG aus, die du am liebsten machen m\u00f6chtest. Da es sein kann, dass viele andere Kinder auch diese AG w\u00e4hlen, musst du noch zwei Ersatz-AGs aussuchen.<\/strong><\/p>\n\n\n\n<hr class=\"wp-block-separator has-alpha-channel-opacity\"\/>\n\n\n\n<p><strong>3&#215;3 Basketball\/Streetball<\/strong><\/p>\n\n\n\n<p>Was ist eigentlich 3&#215;3 Basketball?<\/p>\n\n\n\n<p>3\u00d73-Basketball ist eine Variante der Sportart Basketball. Pro Mannschaft spielen drei Spielerinnen und Spieler auf nur einen Korb gegeneinander. Der Ursprung des 3&#215;3 Basketball liegt im &#8220;Streetball&#8221;.<\/p>\n\n\n\n<p>Es wird viel im Turniermodus gegeneinander gespielt und eine weitere Besonderheit ist, dass w\u00e4hrend des Spielens Musik l\u00e4uft.<\/p>\n\n\n\n<p>Wenn du Lust hast diese Form des Basketballs auszuprobieren, dann bist du hier genau richtig!&nbsp;<\/p>\n\n\n\n<p>Ort: &nbsp;&nbsp;&nbsp; &nbsp;&nbsp;&nbsp;&nbsp;&nbsp;&nbsp;Turnhalle 2<\/p>\n\n\n\n<p>Leitung:&nbsp;&nbsp;&nbsp;&nbsp; Frau Waffenschmied<\/p>\n\n\n\n<hr class=\"wp-block-separator has-alpha-channel-opacity\"\/>\n\n\n\n<p><strong>Ballspiele<\/strong><\/p>\n\n\n\n<p>Du willst dich eine Stunde lang austoben? Du hast Lust auf Ballspiele? Du kannst dich an Regeln halten und hast deine Sportsachen immer dabei? Dann bist du in dieser AG genau richtig! Eine AG f\u00fcr alle die viel Bewegung brauchen.<\/p>\n\n\n\n<p>Ort:&nbsp;&nbsp;&nbsp;&nbsp;&nbsp;&nbsp;&nbsp;&nbsp;&nbsp;&nbsp;&nbsp;&nbsp;&nbsp;&nbsp;&nbsp;&nbsp; Turnhalle 1<\/p>\n\n\n\n<p>Leitung:&nbsp;&nbsp;&nbsp;&nbsp;&nbsp;&nbsp;&nbsp;&nbsp; Herr Schog<\/p>\n\n\n\n<hr class=\"wp-block-separator has-alpha-channel-opacity\"\/>\n\n\n\n<p><strong>Basketball f\u00fcr Jungs<\/strong><\/p>\n\n\n\n<p>Lust auf Basketball? In dieser AG k\u00f6nnen Jungs das Spiel lernen, verbessern oder sogar f\u00fcr die Stadtmeisterschaften trainieren.<\/p>\n\n\n\n<p>Ort:&nbsp;&nbsp;&nbsp;&nbsp;&nbsp;&nbsp;&nbsp;&nbsp;&nbsp;&nbsp;&nbsp;&nbsp;&nbsp;&nbsp;&nbsp;&nbsp; Turnhalle 4<\/p>\n\n\n\n<p>Leitung: &nbsp;&nbsp;&nbsp;&nbsp;&nbsp;&nbsp;&nbsp; Herr Schmidt<\/p>\n\n\n\n<hr class=\"wp-block-separator has-alpha-channel-opacity\"\/>\n\n\n\n<p><strong>Basteln und Falten, Knicken und Gestalten<\/strong><\/p>\n\n\n\n<p>In dieser AG kannst du viele kreative Ideen f\u00fcr Karten und Geschenke kennenlernen, wie z.B. die Secret-Message-Karte, die Shadow-Box-Karte oder der Stern-Umschlag.<br>Als Grundlage werden oft Falttechniken von Origami verwendet, aber auch Schere und Kleber kommen zum Einsatz. Wenn du also kreativ bist und gerne bastelst, dann ist vielleicht diese AG genau das Richtige f\u00fcr Dich!<\/p>\n\n\n\n<p>Ort: &nbsp;&nbsp;&nbsp;&nbsp;&nbsp;&nbsp;&nbsp;&nbsp;&nbsp;&nbsp;&nbsp;&nbsp;&nbsp;&nbsp;&nbsp; E 107<\/p>\n\n\n\n<p>Leitung: &nbsp;&nbsp;&nbsp;&nbsp;&nbsp;&nbsp; Frau Fuchs<\/p>\n\n\n\n<hr class=\"wp-block-separator has-alpha-channel-opacity\"\/>\n\n\n\n<p><strong>Comic<\/strong><\/p>\n\n\n\n<p>Entdecke die fesselnde Welt der Comics! Tauche ein in spannende Abenteuer, lache mit humorvollen Helden und erlebe unvergessliche Geschichten. Es stehen viele Comic Reihen zur Verf\u00fcgung. Werde Teil unserer Comic AG, erlebe Lesegenuss pur und tauche in fantastische Welten ein!<\/p>\n\n\n\n<p>Ort:<\/p>\n\n\n\n<p>Leitung: Herr Kistenbr\u00fcgge<\/p>\n\n\n\n<hr class=\"wp-block-separator has-alpha-channel-opacity\"\/>\n\n\n\n<p><strong>Mountainbike<\/strong><\/p>\n\n\n\n<p>Diese AG ist offen f\u00fcr M\u00e4dchen und Jungen.<\/p>\n\n\n\n<p>&gt; Wer kann mitmachen?<\/p>\n\n\n\n<p><em>Jeder der gerne Fahrrad f\u00e4hrt und keine Angst vor Hitze, K\u00e4lte und Dreck hat!<\/em><\/p>\n\n\n\n<p>&gt; Was braucht ihr?<\/p>\n\n\n\n<p><em>Sportkleidung; Helme und Fahrr\u00e4der k\u00f6nnt ihr ausleihen.<\/em><\/p>\n\n\n\n<p>&gt; Was machen wir?<\/p>\n\n\n\n<p><em>Wir wollen, solange es das Wetter zul\u00e4sst m\u00f6glichst viel im Gel\u00e4nde fahren. Dabei werden wir Steigungen erklimmen und Abfahrten genie\u00dfen.<\/em><\/p>\n\n\n\n<p>Ort: &nbsp;&nbsp;&nbsp;&nbsp;&nbsp;&nbsp;&nbsp;&nbsp;&nbsp;&nbsp;&nbsp;&nbsp;&nbsp;&nbsp;&nbsp; Haupteingang\/ Foyer<\/p>\n\n\n\n<p>Leitung: &nbsp;&nbsp;&nbsp;&nbsp;&nbsp;&nbsp;&nbsp; Herr Doukmak, Herr Meyer<\/p>\n\n\n\n<hr class=\"wp-block-separator has-alpha-channel-opacity\"\/>\n\n\n\n<p><strong>Schach<\/strong><\/p>\n\n\n\n<p>Du spielst bereits gerne Schach oder w\u00fcrdest es gerne lernen?<br>Die Schach-AG bietet Sch\u00fclerinnen und Sch\u00fclern die M\u00f6glichkeit die Schachregeln zu lernen, zu trainieren und vor allem zu spielen.<br>Die Schach-AG richtet sich sowohl an Anf\u00e4nger als auch an Fortgeschrittene.<\/p>\n\n\n\n<p>Ort: ?<\/p>\n\n\n\n<p>Leitung: Herr H\u00f6nig<\/p>\n\n\n\n<hr class=\"wp-block-separator has-alpha-channel-opacity\"\/>\n\n\n\n<p class=\"has-black-color has-text-color\"><strong>Schulsanit\u00e4ter AG<\/strong><\/p>\n\n\n\n<p>Du m\u00f6chtest Schulsanit\u00e4ter, Schulsanit\u00e4terin werden? In dieser AG wirst du gezielt darauf vorbereitet um n\u00e4chstes Schuljahr in unser Team aufgenommen zu werden. Du lernst bei uns wie man sich und andere aus Gefahrensituationen retten kann. Als Team legen wir Verb\u00e4nde an und \u00fcben die stabile Seitenlage,&nbsp; &#8211; was das ist erf\u00e4hrst du in der AG. Wir \u00fcbern wie man einen Notruf absetzten muss und wie wir Verletzte betreuen, w\u00e4hrend wir auf den Rettungsdienst warten.<\/p>\n\n\n\n<p>Was solltest du mitbringen? Du solltest zuverl\u00e4ssig sein und deine Dienste nicht vergessen. Du solltest gute Noten in der Schule haben. Warum? Wenn du gerufen wirst, musst du zu Hause den verpassten Unterrichtsstoff selbst\u00e4ndig nacharbeiten k\u00f6nnen. Au\u00dferdem solltest du gerne mit Menschen umgehen und auf sie beruhigend einwirken k\u00f6nnen.&nbsp; Ein gewisser Ordnungssinn ist auch noch wichtig, sonst findet im Sani-Raum niemand die wichtigen Sachen.<\/p>\n\n\n\n<p>Wir freuen uns auf euch.<\/p>\n\n\n\n<p>Ort: &nbsp;&nbsp;&nbsp;&nbsp;&nbsp;&nbsp;&nbsp;&nbsp;&nbsp;&nbsp;&nbsp;&nbsp;&nbsp;&nbsp;&nbsp; <\/p>\n\n\n\n<p>Leitung:&nbsp;&nbsp;&nbsp;&nbsp;&nbsp;&nbsp;&nbsp;&nbsp; Frau Bettels-Petersen<\/p>\n\n\n\n<hr class=\"wp-block-separator has-alpha-channel-opacity\"\/>\n\n\n\n<p class=\"has-regular-font-size\"><strong>Schul-TV<\/strong><\/p>\n\n\n\n<p>Werde Teil von was ganz besonderem: werde Teil der Gr\u00fcndungsredaktion des Schul-TVs, als ESG-TV. Wie drehe ich? Womit drehe ich? Wie schneide ich einen Film? Was sind gute Themen? Wen darf ich drehen, was gibt es zu beachten? All das lernen die Sch\u00fcler in der AG. Ziel soll es sein, den Sch\u00fclern Spa\u00df am Filmemachen zu vermitteln und einen Grundstock an Medienkompetenz (Recht am eigenen Bild z.B.) zu vermitteln. Im Idealfall entwickelt sich aus dieser und folgenden AGs ein richtiger Schul-TV-Kanal.<\/p>\n\n\n\n<p>Ort: <\/p>\n\n\n\n<p>Leitung: &nbsp;&nbsp;&nbsp;&nbsp;&nbsp;&nbsp;&nbsp; Herr Al-Shomer\/Frau Glei\u00dfner<\/p>\n\n\n\n<hr class=\"wp-block-separator has-alpha-channel-opacity\"\/>\n\n\n\n<p><strong>Schulw\u00e4nde<\/strong><\/p>\n\n\n\n<p>In dieser AG werden wir uns von K\u00fcnstlerinnen inspirieren lassen, Ideen sammeln und gemeinsam eine einzigartige Wandgestaltung erschaffen. Um die Schule mit einem Kunstwerk zu versch\u00f6nern, ben\u00f6tigen wir dein kreatives Potential!<\/p>\n\n\n\n<p>Du kannst zeichnen \/malen? Du hast eigene Ideen? Du hast Lust die Schule zu versch\u00f6nern und in Teamarbeit eine Wand professionell zu bemalen? Dann bist du in dieser AG richtig!<\/p>\n\n\n\n<p>Ort: Kunstflur<\/p>\n\n\n\n<p>Leitung: Frau Pascholt<\/p>\n\n\n\n<hr class=\"wp-block-separator has-alpha-channel-opacity\"\/>\n\n\n\n<p><strong><strong>Tanz-AG<\/strong><\/strong><\/p>\n\n\n\n<p>Hier werden wir verschiedene Tanzstile erkunden, von t\u00fcrkischen Volkst\u00e4nzen \u00fcber mitrei\u00dfende Hiphop-Choreografien bis hin zu den neuesten TikTok-Trends. Lasst uns zusammen die Freude am Tanzen teilen und eine unvergessliche Zeit in der Tanz-AG erleben!<\/p>\n\n\n\n<p>Ort:&nbsp;&nbsp;&nbsp;&nbsp;&nbsp;&nbsp;&nbsp;&nbsp;&nbsp;&nbsp;&nbsp;&nbsp;&nbsp;&nbsp;&nbsp;&nbsp; <\/p>\n\n\n\n<p>Leitung:&nbsp;&nbsp;&nbsp;&nbsp;&nbsp;&nbsp;&nbsp;&nbsp; Frau Baris<\/p>\n\n\n\n<hr class=\"wp-block-separator has-alpha-channel-opacity\"\/>\n\n\n\n<p><strong>Tiere-Bestimmungs-AG (Taxonomie-AG)<\/strong><\/p>\n\n\n\n<p>Auf unserer Erde leben wir mit vielen verschiedenen Tieren zusammen. Wer sich in besonderer Weise f\u00fcr Tiere begeistert und wer genauer wissen m\u00f6chte, welche Tiere in unserer Umgebung leben und woran man sie erkennt, ist in dieser AG richtig. In Zusammenarbeit mit dem Museum K\u00f6nig lernen wir die Tierwelt unserer Erde und vor allem unserer Heimat in ihrer Vielfalt n\u00e4her kennen. Wir lernen, wie man die gro\u00dfe F\u00fclle an verschiedenen Tierarten nach Merkmalen in Tiergruppen ordnet (z.B. Tiere mit 6 Beinen = Insekten), wie man Tiere bestimmt und mit ihrem Artnamen benennt. Am Ende dieser AG sind wir wahre Experten im Erkennen und Bestimmen von Tieren unserer Heimat.<\/p>\n\n\n\n<p>Ort: Museum K\u00f6nig<\/p>\n\n\n\n<p>Leitung: Herr Holter<\/p>\n\n\n\n<hr class=\"wp-block-separator has-alpha-channel-opacity\"\/>\n\n\n\n<p><strong>Touchtennis<\/strong><\/p>\n\n\n\n<p>Du spielst gerne Ballsportarten, hast schon ein gutes Ballgef\u00fchl und m\u00f6chtest dich in einer neuen Sportart ausprobieren? Dann ist die Touchtennis-AG genau das Richtige f\u00fcr dich! Touchtennis bietet einen gro\u00dfen Spa\u00dffaktor und \u00e4hnelt sehr dem bekannten Tennis. Es wird blo\u00df auf einem kleineren Feld mit kleineren Schl\u00e4gern und einem leichten Ball gespielt. Die AG wird zwei Schwerpunkte haben: Du wirst zun\u00e4chst Schlagtechniken erlernen und diese dann im Spiel anwenden. Da sich Touchtennis sehr gut au\u00dferhalb der Halle spielen l\u00e4sst, wird die AG, sofern es nicht regnet oder schneit, immer drau\u00dfen stattfinden!<\/p>\n\n\n\n<p>Ort: Basketballplatz<\/p>\n\n\n\n<p>Leitung: Herr Hinn<\/p>\n\n\n\n<hr class=\"wp-block-separator has-alpha-channel-opacity\"\/>\n\n\n\n<p><strong>Wenn du dir drei AGs ausgesucht hast, klicke bitte auf folgenden Link:<\/strong><br><a href=\"https:\/\/forms.office.com\/e\/NJgqAQghMt\">https:\/\/forms.office.com\/e\/NJgqAQghMt<\/a><\/p>\n","protected":false},"excerpt":{"rendered":"<p>2. Halbjahr 2023\/24 Bitte w\u00e4hle aus den folgenden Angeboten die AG aus, die du am liebsten machen m\u00f6chtest. Da es sein kann, dass viele andere Kinder auch diese AG w\u00e4hlen, musst du noch zwei Ersatz-AGs aussuchen. 3&#215;3 Basketball\/Streetball Was ist eigentlich 3&#215;3 Basketball? 3\u00d73-Basketball ist eine Variante der Sportart Basketball. Pro Mannschaft spielen drei Spielerinnen &hellip; <\/p>\n<p><a class=\"more-link btn\" href=\"https:\/\/igs-bonn.de\/wordpress\/?page_id=13264\">Weiterlesen<\/a><\/p>\n","protected":false},"author":1,"featured_media":0,"parent":5133,"menu_order":3,"comment_status":"closed","ping_status":"closed","template":"","meta":{"ngg_post_thumbnail":0,"footnotes":""},"class_list":["post-13264","page","type-page","status-publish","hentry","nodate","item-wrap"],"_links":{"self":[{"href":"https:\/\/igs-bonn.de\/wordpress\/index.php?rest_route=\/wp\/v2\/pages\/13264","targetHints":{"allow":["GET"]}}],"collection":[{"href":"https:\/\/igs-bonn.de\/wordpress\/index.php?rest_route=\/wp\/v2\/pages"}],"about":[{"href":"https:\/\/igs-bonn.de\/wordpress\/index.php?rest_route=\/wp\/v2\/types\/page"}],"author":[{"embeddable":true,"href":"https:\/\/igs-bonn.de\/wordpress\/index.php?rest_route=\/wp\/v2\/users\/1"}],"replies":[{"embeddable":true,"href":"https:\/\/igs-bonn.de\/wordpress\/index.php?rest_route=%2Fwp%2Fv2%2Fcomments&post=13264"}],"version-history":[{"count":7,"href":"https:\/\/igs-bonn.de\/wordpress\/index.php?rest_route=\/wp\/v2\/pages\/13264\/revisions"}],"predecessor-version":[{"id":13674,"href":"https:\/\/igs-bonn.de\/wordpress\/index.php?rest_route=\/wp\/v2\/pages\/13264\/revisions\/13674"}],"up":[{"embeddable":true,"href":"https:\/\/igs-bonn.de\/wordpress\/index.php?rest_route=\/wp\/v2\/pages\/5133"}],"wp:attachment":[{"href":"https:\/\/igs-bonn.de\/wordpress\/index.php?rest_route=%2Fwp%2Fv2%2Fmedia&parent=13264"}],"curies":[{"name":"wp","href":"https:\/\/api.w.org\/{rel}","templated":true}]}}