{"id":12979,"date":"2023-02-28T15:50:08","date_gmt":"2023-02-28T14:50:08","guid":{"rendered":"http:\/\/igs-bonn.de\/wordpress\/?page_id=12979"},"modified":"2023-02-28T15:50:47","modified_gmt":"2023-02-28T14:50:47","slug":"termine-und-infos-schulmannschaften-basketball","status":"publish","type":"page","link":"https:\/\/igs-bonn.de\/wordpress\/?page_id=12979","title":{"rendered":"Termine und Infos Schulmannschaften Basketball"},"content":{"rendered":"\n<p><strong>Schulmannschaftstraining<\/strong><br>Jahrg\u00e4nge 5-6: dienstags in der 5. Stunde (gro\u00dfe Halle)<br>Jahrg\u00e4nge 7-10: donnerstags nach der 7. Stunde (gro\u00dfe Halle)<br>Oberstufe: freitags in der 5. Stunde (gro\u00dfe Halle)<\/p>\n\n\n\n<p><strong>Anstehende Turniere<\/strong><br>WK IV Jungen (Jahrg\u00e4nge 2010-2013) 7. M\u00e4rz\u00a0<br>WK I (Jahrg\u00e4nge 2004-2007) 21. M\u00e4rz<br>WK IV M\u00e4dchen\u00a0(Jahrg\u00e4nge 2010-2013) 28. M\u00e4rz<br>NRW 3&#215;3 Tour 6. Juni (alle Altersklassen und Jahrg\u00e4nge ><strong>\u00a0offen f\u00fcr ALLE!!!<\/strong>\u00a0Anmeldelink folgt)<br>NRW 3&#215;3 School (Ruhr Games 2023) 9. Juni\u00a0(alle Altersklassen und Jahrg\u00e4nge >\u00a0<strong>nur Sch\u00fclerinnen und Sch\u00fcler der Schulmannschaft<\/strong>\u200b\u200b\u200b\u200b\u200b)<\/p>\n","protected":false},"excerpt":{"rendered":"<p>SchulmannschaftstrainingJahrg\u00e4nge 5-6: dienstags in der 5. Stunde (gro\u00dfe Halle)Jahrg\u00e4nge 7-10: donnerstags nach der 7. Stunde (gro\u00dfe Halle)Oberstufe: freitags in der 5. Stunde (gro\u00dfe Halle) Anstehende TurniereWK IV Jungen (Jahrg\u00e4nge 2010-2013) 7. M\u00e4rz\u00a0WK I (Jahrg\u00e4nge 2004-2007) 21. M\u00e4rzWK IV M\u00e4dchen\u00a0(Jahrg\u00e4nge 2010-2013) 28. M\u00e4rzNRW 3&#215;3 Tour 6. Juni (alle Altersklassen und Jahrg\u00e4nge >\u00a0offen f\u00fcr ALLE!!!\u00a0Anmeldelink folgt)NRW 3&#215;3 &hellip; <\/p>\n<p><a class=\"more-link btn\" href=\"https:\/\/igs-bonn.de\/wordpress\/?page_id=12979\">Weiterlesen<\/a><\/p>\n","protected":false},"author":4,"featured_media":0,"parent":6051,"menu_order":8,"comment_status":"closed","ping_status":"closed","template":"","meta":{"ngg_post_thumbnail":0,"footnotes":""},"class_list":["post-12979","page","type-page","status-publish","hentry","nodate","item-wrap"],"_links":{"self":[{"href":"https:\/\/igs-bonn.de\/wordpress\/index.php?rest_route=\/wp\/v2\/pages\/12979","targetHints":{"allow":["GET"]}}],"collection":[{"href":"https:\/\/igs-bonn.de\/wordpress\/index.php?rest_route=\/wp\/v2\/pages"}],"about":[{"href":"https:\/\/igs-bonn.de\/wordpress\/index.php?rest_route=\/wp\/v2\/types\/page"}],"author":[{"embeddable":true,"href":"https:\/\/igs-bonn.de\/wordpress\/index.php?rest_route=\/wp\/v2\/users\/4"}],"replies":[{"embeddable":true,"href":"https:\/\/igs-bonn.de\/wordpress\/index.php?rest_route=%2Fwp%2Fv2%2Fcomments&post=12979"}],"version-history":[{"count":1,"href":"https:\/\/igs-bonn.de\/wordpress\/index.php?rest_route=\/wp\/v2\/pages\/12979\/revisions"}],"predecessor-version":[{"id":12980,"href":"https:\/\/igs-bonn.de\/wordpress\/index.php?rest_route=\/wp\/v2\/pages\/12979\/revisions\/12980"}],"up":[{"embeddable":true,"href":"https:\/\/igs-bonn.de\/wordpress\/index.php?rest_route=\/wp\/v2\/pages\/6051"}],"wp:attachment":[{"href":"https:\/\/igs-bonn.de\/wordpress\/index.php?rest_route=%2Fwp%2Fv2%2Fmedia&parent=12979"}],"curies":[{"name":"wp","href":"https:\/\/api.w.org\/{rel}","templated":true}]}}